{"id":10,"date":"2023-11-09T01:38:31","date_gmt":"2023-11-09T01:38:31","guid":{"rendered":"http:\/\/thonghuthamcau.vn\/?page_id=10"},"modified":"2025-10-16T03:54:16","modified_gmt":"2025-10-16T03:54:16","slug":"trang-chu","status":"publish","type":"page","link":"https:\/\/taxibuonho.vn\/","title":{"rendered":"Trang ch\u1ee7"},"content":{"rendered":"\t<div class=\"img has-hover x md-x lg-x y md-y lg-y\" id=\"image_1097968206\">\n\t\t\t\t\t\t\t\t<div class=\"img-inner dark\" >\n\t\t\t<img loading=\"lazy\" decoding=\"async\" width=\"1440\" height=\"810\" src=\"https:\/\/taxibuonho.vn\/wp-content\/uploads\/2025\/10\/video.jpg\" class=\"attachment-original size-original\" alt=\"\" srcset=\"https:\/\/taxibuonho.vn\/wp-content\/uploads\/2025\/10\/video.jpg 1440w, https:\/\/taxibuonho.vn\/wp-content\/uploads\/2025\/10\/video-300x169.jpg 300w, https:\/\/taxibuonho.vn\/wp-content\/uploads\/2025\/10\/video-1024x576.jpg 1024w, https:\/\/taxibuonho.vn\/wp-content\/uploads\/2025\/10\/video-768x432.jpg 768w\" sizes=\"auto, (max-width: 1440px) 100vw, 1440px\" \/>\t\t\t\t\t\t\n\t\t\t\t\t<\/div>\n\t\t\t\t\t\t\t\t\n<style>\n#image_1097968206 {\n  width: 100%;\n}\n<\/style>\n\t<\/div>\n\t\n\t<section class=\"section\" id=\"section_476087644\">\n\t\t<div class=\"bg section-bg fill bg-fill  bg-loaded\" >\n\n\t\t\t\n\t\t\t\n\t\t\t\n\n\t\t<\/div>\n\n\t\t\n\n\t\t<div class=\"section-content relative\">\n\t\t\t\n<div class=\"row\"  id=\"row-1026131705\">\n\n\t<div id=\"col-1062331626\" class=\"col small-12 large-12\"  >\n\t\t\t\t<div class=\"col-inner\"  >\n\t\t\t\n\t\t\t\n\t<div id=\"text-3516340978\" class=\"text\">\n\t\t\n<p style=\"text-align: center;\"><span style=\"color: #ff6600; font-size: 140%;\"><strong>TAXI BU\u00d4N H\u1ed2<\/strong><\/span><\/p>\n<p style=\"text-align: center;\"><span style=\"color: #ff6600; font-size: 140%;\"><strong>G\u1eccI L\u00c0 C\u00d3 XE NGAY L\u1eacP T\u1ee8C<\/strong><\/span><\/p>\n\t\t\n<style>\n#text-3516340978 {\n  text-align: center;\n}\n<\/style>\n\t<\/div>\n\t\n\t\t<\/div>\n\t\t\t\t\t<\/div>\n\n\t\n\n\t<div id=\"col-1233271791\" class=\"col small-12 large-12\"  >\n\t\t\t\t<div class=\"col-inner text-center\" style=\"background-color:rgb(239, 218, 0);\" >\n\t\t\t\n\t<div class=\"is-border\"\n\t\tstyle=\"border-color:rgb(254, 0, 0);border-width:1px 2px 2px 2px;margin:5px 5px 5px 5px;\">\n\t<\/div>\n\t\t\t\n\t<div id=\"text-3370700776\" class=\"text\">\n\t\t\n<h4 style=\"text-align: center;\">Ho\u1ea1t \u0111\u1ed9ng h\u00e0ng ng\u00e0y<\/h4>\n<h4 style=\"text-align: center;\">\ud83d\udc49\u00a0\u0110\u00d3N TR\u1ea2 KH\u00c1CH T\u1ea0I NH\u00c0\u00a0\ud83d\udc49\u00a0T\u00cdNH TI\u00caN THEO KM \u0110\u00c3 \u0110I<\/h4>\n<h4 style=\"text-align: center;\">=&gt; Xe \u0111i c\u00e1c khu v\u1ef1c xung quanh nh\u01b0 Ea Dr\u00f4ng, Kr\u00f4ng N\u0103ng, An L\u1ea1c, Thi\u1ec7n An v\u00e0 t\u1ea5t c\u1ea3 c\u00e1c th\u1ecb x\u00e3 g\u1ea7n \u0111\u00f3<\/h4>\n\t\t\n<style>\n#text-3370700776 {\n  text-align: center;\n}\n<\/style>\n\t<\/div>\n\t\n<a href=\"tel:%200585813813\" target=\"_self\" class=\"button secondary\"  style=\"border-radius:99px;\">\n    <span>G\u1eccI ngay \u0110\u1ec2 BOOK xe taxi gi\u00e1 r\u1ebb<\/span>\n  <\/a>\n\n\t\t<\/div>\n\t\t\t\t\n<style>\n#col-1233271791 > .col-inner {\n  padding: 26px 0px 22px 0px;\n  border-radius: 13px;\n}\n<\/style>\n\t<\/div>\n\n\t\n<\/div>\n\t\t<\/div>\n\n\t\t\n<style>\n#section_476087644 {\n  padding-top: 30px;\n  padding-bottom: 30px;\n  background-color: rgb(231, 231, 231);\n}\n#section_476087644 .ux-shape-divider--top svg {\n  height: 150px;\n  --divider-top-width: 100%;\n}\n#section_476087644 .ux-shape-divider--bottom svg {\n  height: 150px;\n  --divider-width: 100%;\n}\n<\/style>\n\t<\/section>\n\t\n\t<section class=\"section\" id=\"section_1359604460\">\n\t\t<div class=\"bg section-bg fill bg-fill  bg-loaded\" >\n\n\t\t\t\n\t\t\t\n\t\t\t\n\n\t\t<\/div>\n\n\t\t\n\n\t\t<div class=\"section-content relative\">\n\t\t\t\n<div class=\"row\"  id=\"row-1500503574\">\n\n\t<div id=\"col-2000694108\" class=\"col medium-5 small-12 large-5\"  >\n\t\t\t\t<div class=\"col-inner\"  >\n\t\t\t\n\t\t\t\n\t<div class=\"img has-hover x md-x lg-x y md-y lg-y\" id=\"image_1726521024\">\n\t\t\t\t\t\t\t\t<div class=\"img-inner image-zoom dark\" >\n\t\t\t<img loading=\"lazy\" decoding=\"async\" width=\"600\" height=\"400\" src=\"https:\/\/taxibuonho.vn\/wp-content\/uploads\/2025\/09\/hi.webp\" class=\"attachment-original size-original\" alt=\"\" srcset=\"https:\/\/taxibuonho.vn\/wp-content\/uploads\/2025\/09\/hi.webp 600w, https:\/\/taxibuonho.vn\/wp-content\/uploads\/2025\/09\/hi-300x200.webp 300w\" sizes=\"auto, (max-width: 600px) 100vw, 600px\" \/>\t\t\t\t\t\t\n\t\t\t\t\t<\/div>\n\t\t\t\t\t\t\t\t\n<style>\n#image_1726521024 {\n  width: 100%;\n}\n<\/style>\n\t<\/div>\n\t\n\t\t<\/div>\n\t\t\t\t\t<\/div>\n\n\t\n\n\t<div id=\"col-1794732350\" class=\"col medium-7 small-12 large-7\"  >\n\t\t\t\t<div class=\"col-inner\" style=\"background-color:rgb(231, 232, 179);\" >\n\t\t\t\n\t\t\t\n<p><strong>=&gt; L\u00e1i xe nhi\u1ec1u n\u0103m kinh nghi\u1ec7m ph\u1ee5c v\u1ee5 nhi\u1ec7t t\u00ecnh chu \u0111\u00e1o, B\u00e1c t\u00e0i vui t\u00ednh, l\u00e1i xe an to\u00e0n.<\/strong><\/p>\n<p><strong>=&gt; D\u1ecbch v\u1ee5 xe taxi 2 chi\u1ec1u v\u1edbi gi\u00e1 c\u1ea3 h\u1ee3p l\u00fd v\u00e0 ti\u1ebft ki\u1ec7m<\/strong><\/p>\n<p><strong>=&gt; Xe m\u1edbi v\u00e0 \u0111\u01b0\u1ee3c b\u1ea3o d\u01b0\u1ee1ng th\u01b0\u1eddng xuy\u00ean.<\/strong><\/p>\n\t\t<\/div>\n\t\t\t\t\n<style>\n#col-1794732350 > .col-inner {\n  padding: 15px 15px 15px 15px;\n  border-radius: 13px;\n}\n<\/style>\n\t<\/div>\n\n\t\n<\/div>\n\t\t<\/div>\n\n\t\t\n<style>\n#section_1359604460 {\n  padding-top: 30px;\n  padding-bottom: 30px;\n}\n#section_1359604460 .ux-shape-divider--top svg {\n  height: 150px;\n  --divider-top-width: 100%;\n}\n#section_1359604460 .ux-shape-divider--bottom svg {\n  height: 150px;\n  --divider-width: 100%;\n}\n<\/style>\n\t<\/section>\n\t\n\t<section class=\"section\" id=\"section_1942951352\">\n\t\t<div class=\"bg section-bg fill bg-fill  bg-loaded\" >\n\n\t\t\t\n\t\t\t\n\t\t\t\n\n\t\t<\/div>\n\n\t\t\n\n\t\t<div class=\"section-content relative\">\n\t\t\t\n\t<div id=\"text-3148898122\" class=\"text\">\n\t\t\n<p style=\"text-align: center;\"><span style=\"color: #ff6600; font-size: 160%;\">M\u1ed8T S\u1ed0 H\u00ccNH \u1ea2NH\u00a0<\/span><\/p>\n<h3 style=\"text-align: center;\"><span style=\"color: #ff6600; font-size: 160%;\">XE TAXI BU\u00d4N H\u1ed2<\/span><\/h3>\n\t\t\n<style>\n#text-3148898122 {\n  text-align: center;\n}\n<\/style>\n\t<\/div>\n\t\n\n  \n    <div class=\"row large-columns-3 medium-columns- small-columns-2\">\n  <div class=\"gallery-col col\" data-animate=\"fadeInLeft\">\n          <div class=\"col-inner\">\n            <a class=\"image-lightbox lightbox-gallery\" href=\"https:\/\/taxibuonho.vn\/wp-content\/uploads\/2025\/09\/g.jpg\" title=\"\">            <div class=\"box has-hover gallery-box box-overlay dark\">\n              <div class=\"box-image image-zoom image-cover\" style=\"border-radius:6%;padding-top:75%;\">\n                <img loading=\"lazy\" decoding=\"async\" width=\"768\" height=\"384\" src=\"https:\/\/taxibuonho.vn\/wp-content\/uploads\/2025\/09\/g.jpg\" class=\"attachment-original size-original\" alt=\"\" ids=\"66,67,68,69,70,71,72,73,62\" lightbox_image_size=\"original\" columns=\"3\" animate=\"fadeInLeft\" image_height=\"75%\" image_radius=\"6\" image_size=\"original\" image_hover=\"zoom\" srcset=\"https:\/\/taxibuonho.vn\/wp-content\/uploads\/2025\/09\/g.jpg 768w, https:\/\/taxibuonho.vn\/wp-content\/uploads\/2025\/09\/g-300x150.jpg 300w\" sizes=\"auto, (max-width: 768px) 100vw, 768px\" \/>                                  <div class=\"overlay fill\"\n                      style=\"background-color: rgba(0,0,0,.15)\">\n                  <\/div>\n                                                              <\/div>\n              <div class=\"box-text text-left\" >\n                 <p><\/p>\n              <\/div>\n            <\/div>\n            <\/a>          <\/div>\n         <\/div><div class=\"gallery-col col\" data-animate=\"fadeInLeft\">\n          <div class=\"col-inner\">\n            <a class=\"image-lightbox lightbox-gallery\" href=\"https:\/\/taxibuonho.vn\/wp-content\/uploads\/2025\/09\/hi-1.webp\" title=\"\">            <div class=\"box has-hover gallery-box box-overlay dark\">\n              <div class=\"box-image image-zoom image-cover\" style=\"border-radius:6%;padding-top:75%;\">\n                <img loading=\"lazy\" decoding=\"async\" width=\"600\" height=\"400\" src=\"https:\/\/taxibuonho.vn\/wp-content\/uploads\/2025\/09\/hi-1.webp\" class=\"attachment-original size-original\" alt=\"\" ids=\"66,67,68,69,70,71,72,73,62\" lightbox_image_size=\"original\" columns=\"3\" animate=\"fadeInLeft\" image_height=\"75%\" image_radius=\"6\" image_size=\"original\" image_hover=\"zoom\" srcset=\"https:\/\/taxibuonho.vn\/wp-content\/uploads\/2025\/09\/hi-1.webp 600w, https:\/\/taxibuonho.vn\/wp-content\/uploads\/2025\/09\/hi-1-300x200.webp 300w\" sizes=\"auto, (max-width: 600px) 100vw, 600px\" \/>                                  <div class=\"overlay fill\"\n                      style=\"background-color: rgba(0,0,0,.15)\">\n                  <\/div>\n                                                              <\/div>\n              <div class=\"box-text text-left\" >\n                 <p><\/p>\n              <\/div>\n            <\/div>\n            <\/a>          <\/div>\n         <\/div><div class=\"gallery-col col\" data-animate=\"fadeInLeft\">\n          <div class=\"col-inner\">\n            <a class=\"image-lightbox lightbox-gallery\" href=\"https:\/\/taxibuonho.vn\/wp-content\/uploads\/2025\/09\/share-taxi.webp\" title=\"\">            <div class=\"box has-hover gallery-box box-overlay dark\">\n              <div class=\"box-image image-zoom image-cover\" style=\"border-radius:6%;padding-top:75%;\">\n                <img loading=\"lazy\" decoding=\"async\" width=\"600\" height=\"399\" src=\"https:\/\/taxibuonho.vn\/wp-content\/uploads\/2025\/09\/share-taxi.webp\" class=\"attachment-original size-original\" alt=\"\" ids=\"66,67,68,69,70,71,72,73,62\" lightbox_image_size=\"original\" columns=\"3\" animate=\"fadeInLeft\" image_height=\"75%\" image_radius=\"6\" image_size=\"original\" image_hover=\"zoom\" srcset=\"https:\/\/taxibuonho.vn\/wp-content\/uploads\/2025\/09\/share-taxi.webp 600w, https:\/\/taxibuonho.vn\/wp-content\/uploads\/2025\/09\/share-taxi-300x200.webp 300w\" sizes=\"auto, (max-width: 600px) 100vw, 600px\" \/>                                  <div class=\"overlay fill\"\n                      style=\"background-color: rgba(0,0,0,.15)\">\n                  <\/div>\n                                                              <\/div>\n              <div class=\"box-text text-left\" >\n                 <p><\/p>\n              <\/div>\n            <\/div>\n            <\/a>          <\/div>\n         <\/div><div class=\"gallery-col col\" data-animate=\"fadeInLeft\">\n          <div class=\"col-inner\">\n            <a class=\"image-lightbox lightbox-gallery\" href=\"https:\/\/taxibuonho.vn\/wp-content\/uploads\/2025\/09\/t.jpg\" title=\"\">            <div class=\"box has-hover gallery-box box-overlay dark\">\n              <div class=\"box-image image-zoom image-cover\" style=\"border-radius:6%;padding-top:75%;\">\n                <img loading=\"lazy\" decoding=\"async\" width=\"768\" height=\"432\" src=\"https:\/\/taxibuonho.vn\/wp-content\/uploads\/2025\/09\/t.jpg\" class=\"attachment-original size-original\" alt=\"\" ids=\"66,67,68,69,70,71,72,73,62\" lightbox_image_size=\"original\" columns=\"3\" animate=\"fadeInLeft\" image_height=\"75%\" image_radius=\"6\" image_size=\"original\" image_hover=\"zoom\" srcset=\"https:\/\/taxibuonho.vn\/wp-content\/uploads\/2025\/09\/t.jpg 768w, https:\/\/taxibuonho.vn\/wp-content\/uploads\/2025\/09\/t-300x169.jpg 300w\" sizes=\"auto, (max-width: 768px) 100vw, 768px\" \/>                                  <div class=\"overlay fill\"\n                      style=\"background-color: rgba(0,0,0,.15)\">\n                  <\/div>\n                                                              <\/div>\n              <div class=\"box-text text-left\" >\n                 <p><\/p>\n              <\/div>\n            <\/div>\n            <\/a>          <\/div>\n         <\/div><div class=\"gallery-col col\" data-animate=\"fadeInLeft\">\n          <div class=\"col-inner\">\n            <a class=\"image-lightbox lightbox-gallery\" href=\"https:\/\/taxibuonho.vn\/wp-content\/uploads\/2025\/09\/xc.jpg\" title=\"\">            <div class=\"box has-hover gallery-box box-overlay dark\">\n              <div class=\"box-image image-zoom image-cover\" style=\"border-radius:6%;padding-top:75%;\">\n                <img loading=\"lazy\" decoding=\"async\" width=\"768\" height=\"512\" src=\"https:\/\/taxibuonho.vn\/wp-content\/uploads\/2025\/09\/xc.jpg\" class=\"attachment-original size-original\" alt=\"\" ids=\"66,67,68,69,70,71,72,73,62\" lightbox_image_size=\"original\" columns=\"3\" animate=\"fadeInLeft\" image_height=\"75%\" image_radius=\"6\" image_size=\"original\" image_hover=\"zoom\" srcset=\"https:\/\/taxibuonho.vn\/wp-content\/uploads\/2025\/09\/xc.jpg 768w, https:\/\/taxibuonho.vn\/wp-content\/uploads\/2025\/09\/xc-300x200.jpg 300w\" sizes=\"auto, (max-width: 768px) 100vw, 768px\" \/>                                  <div class=\"overlay fill\"\n                      style=\"background-color: rgba(0,0,0,.15)\">\n                  <\/div>\n                                                              <\/div>\n              <div class=\"box-text text-left\" >\n                 <p><\/p>\n              <\/div>\n            <\/div>\n            <\/a>          <\/div>\n         <\/div><div class=\"gallery-col col\" data-animate=\"fadeInLeft\">\n          <div class=\"col-inner\">\n            <a class=\"image-lightbox lightbox-gallery\" href=\"https:\/\/taxibuonho.vn\/wp-content\/uploads\/2025\/09\/xe-768x576-1.jpg\" title=\"\">            <div class=\"box has-hover gallery-box box-overlay dark\">\n              <div class=\"box-image image-zoom image-cover\" style=\"border-radius:6%;padding-top:75%;\">\n                <img loading=\"lazy\" decoding=\"async\" width=\"768\" height=\"576\" src=\"https:\/\/taxibuonho.vn\/wp-content\/uploads\/2025\/09\/xe-768x576-1.jpg\" class=\"attachment-original size-original\" alt=\"\" ids=\"66,67,68,69,70,71,72,73,62\" lightbox_image_size=\"original\" columns=\"3\" animate=\"fadeInLeft\" image_height=\"75%\" image_radius=\"6\" image_size=\"original\" image_hover=\"zoom\" srcset=\"https:\/\/taxibuonho.vn\/wp-content\/uploads\/2025\/09\/xe-768x576-1.jpg 768w, https:\/\/taxibuonho.vn\/wp-content\/uploads\/2025\/09\/xe-768x576-1-300x225.jpg 300w\" sizes=\"auto, (max-width: 768px) 100vw, 768px\" \/>                                  <div class=\"overlay fill\"\n                      style=\"background-color: rgba(0,0,0,.15)\">\n                  <\/div>\n                                                              <\/div>\n              <div class=\"box-text text-left\" >\n                 <p><\/p>\n              <\/div>\n            <\/div>\n            <\/a>          <\/div>\n         <\/div><div class=\"gallery-col col\" data-animate=\"fadeInLeft\">\n          <div class=\"col-inner\">\n            <a class=\"image-lightbox lightbox-gallery\" href=\"https:\/\/taxibuonho.vn\/wp-content\/uploads\/2025\/09\/xe-ghep-1_result-768x433-1.jpg\" title=\"\">            <div class=\"box has-hover gallery-box box-overlay dark\">\n              <div class=\"box-image image-zoom image-cover\" style=\"border-radius:6%;padding-top:75%;\">\n                <img loading=\"lazy\" decoding=\"async\" width=\"768\" height=\"433\" src=\"https:\/\/taxibuonho.vn\/wp-content\/uploads\/2025\/09\/xe-ghep-1_result-768x433-1.jpg\" class=\"attachment-original size-original\" alt=\"\" ids=\"66,67,68,69,70,71,72,73,62\" lightbox_image_size=\"original\" columns=\"3\" animate=\"fadeInLeft\" image_height=\"75%\" image_radius=\"6\" image_size=\"original\" image_hover=\"zoom\" srcset=\"https:\/\/taxibuonho.vn\/wp-content\/uploads\/2025\/09\/xe-ghep-1_result-768x433-1.jpg 768w, https:\/\/taxibuonho.vn\/wp-content\/uploads\/2025\/09\/xe-ghep-1_result-768x433-1-300x169.jpg 300w\" sizes=\"auto, (max-width: 768px) 100vw, 768px\" \/>                                  <div class=\"overlay fill\"\n                      style=\"background-color: rgba(0,0,0,.15)\">\n                  <\/div>\n                                                              <\/div>\n              <div class=\"box-text text-left\" >\n                 <p><\/p>\n              <\/div>\n            <\/div>\n            <\/a>          <\/div>\n         <\/div><div class=\"gallery-col col\" data-animate=\"fadeInLeft\">\n          <div class=\"col-inner\">\n            <a class=\"image-lightbox lightbox-gallery\" href=\"https:\/\/taxibuonho.vn\/wp-content\/uploads\/2025\/09\/t-1.jpg\" title=\"\">            <div class=\"box has-hover gallery-box box-overlay dark\">\n              <div class=\"box-image image-zoom image-cover\" style=\"border-radius:6%;padding-top:75%;\">\n                <img loading=\"lazy\" decoding=\"async\" width=\"768\" height=\"432\" src=\"https:\/\/taxibuonho.vn\/wp-content\/uploads\/2025\/09\/t-1.jpg\" class=\"attachment-original size-original\" alt=\"\" ids=\"66,67,68,69,70,71,72,73,62\" lightbox_image_size=\"original\" columns=\"3\" animate=\"fadeInLeft\" image_height=\"75%\" image_radius=\"6\" image_size=\"original\" image_hover=\"zoom\" srcset=\"https:\/\/taxibuonho.vn\/wp-content\/uploads\/2025\/09\/t-1.jpg 768w, https:\/\/taxibuonho.vn\/wp-content\/uploads\/2025\/09\/t-1-300x169.jpg 300w\" sizes=\"auto, (max-width: 768px) 100vw, 768px\" \/>                                  <div class=\"overlay fill\"\n                      style=\"background-color: rgba(0,0,0,.15)\">\n                  <\/div>\n                                                              <\/div>\n              <div class=\"box-text text-left\" >\n                 <p><\/p>\n              <\/div>\n            <\/div>\n            <\/a>          <\/div>\n         <\/div><div class=\"gallery-col col\" data-animate=\"fadeInLeft\">\n          <div class=\"col-inner\">\n            <a class=\"image-lightbox lightbox-gallery\" href=\"https:\/\/taxibuonho.vn\/wp-content\/uploads\/2025\/09\/hi.webp\" title=\"\">            <div class=\"box has-hover gallery-box box-overlay dark\">\n              <div class=\"box-image image-zoom image-cover\" style=\"border-radius:6%;padding-top:75%;\">\n                <img loading=\"lazy\" decoding=\"async\" width=\"600\" height=\"400\" src=\"https:\/\/taxibuonho.vn\/wp-content\/uploads\/2025\/09\/hi.webp\" class=\"attachment-original size-original\" alt=\"\" ids=\"66,67,68,69,70,71,72,73,62\" lightbox_image_size=\"original\" columns=\"3\" animate=\"fadeInLeft\" image_height=\"75%\" image_radius=\"6\" image_size=\"original\" image_hover=\"zoom\" srcset=\"https:\/\/taxibuonho.vn\/wp-content\/uploads\/2025\/09\/hi.webp 600w, https:\/\/taxibuonho.vn\/wp-content\/uploads\/2025\/09\/hi-300x200.webp 300w\" sizes=\"auto, (max-width: 600px) 100vw, 600px\" \/>                                  <div class=\"overlay fill\"\n                      style=\"background-color: rgba(0,0,0,.15)\">\n                  <\/div>\n                                                              <\/div>\n              <div class=\"box-text text-left\" >\n                 <p><\/p>\n              <\/div>\n            <\/div>\n            <\/a>          <\/div>\n         <\/div><\/div>\n\t\t<\/div>\n\n\t\t\n<style>\n#section_1942951352 {\n  padding-top: 30px;\n  padding-bottom: 30px;\n}\n#section_1942951352 .ux-shape-divider--top svg {\n  height: 150px;\n  --divider-top-width: 100%;\n}\n#section_1942951352 .ux-shape-divider--bottom svg {\n  height: 150px;\n  --divider-width: 100%;\n}\n<\/style>\n\t<\/section>\n\t\n","protected":false},"excerpt":{"rendered":"","protected":false},"author":1,"featured_media":0,"parent":0,"menu_order":0,"comment_status":"closed","ping_status":"closed","template":"page-blank.php","meta":{"footnotes":""},"class_list":["post-10","page","type-page","status-publish","hentry"],"_links":{"self":[{"href":"https:\/\/taxibuonho.vn\/index.php?rest_route=\/wp\/v2\/pages\/10","targetHints":{"allow":["GET"]}}],"collection":[{"href":"https:\/\/taxibuonho.vn\/index.php?rest_route=\/wp\/v2\/pages"}],"about":[{"href":"https:\/\/taxibuonho.vn\/index.php?rest_route=\/wp\/v2\/types\/page"}],"author":[{"embeddable":true,"href":"https:\/\/taxibuonho.vn\/index.php?rest_route=\/wp\/v2\/users\/1"}],"replies":[{"embeddable":true,"href":"https:\/\/taxibuonho.vn\/index.php?rest_route=%2Fwp%2Fv2%2Fcomments&post=10"}],"version-history":[{"count":17,"href":"https:\/\/taxibuonho.vn\/index.php?rest_route=\/wp\/v2\/pages\/10\/revisions"}],"predecessor-version":[{"id":101,"href":"https:\/\/taxibuonho.vn\/index.php?rest_route=\/wp\/v2\/pages\/10\/revisions\/101"}],"wp:attachment":[{"href":"https:\/\/taxibuonho.vn\/index.php?rest_route=%2Fwp%2Fv2%2Fmedia&parent=10"}],"curies":[{"name":"wp","href":"https:\/\/api.w.org\/{rel}","templated":true}]}}